{"id":10091,"date":"2019-08-13T14:24:28","date_gmt":"2019-08-13T14:24:28","guid":{"rendered":"https:\/\/meridianbiohealth.com\/contacto\/"},"modified":"2025-10-22T11:09:27","modified_gmt":"2025-10-22T11:09:27","slug":"contact-us","status":"publish","type":"page","link":"https:\/\/meridianbiohealth.com\/en\/contact-us\/","title":{"rendered":"Contact Us"},"content":{"rendered":"\t\t<div data-elementor-type=\"wp-page\" data-elementor-id=\"10091\" class=\"elementor elementor-10091 elementor-1065\" data-elementor-post-type=\"page\">\n\t\t\t\t\t\t<section class=\"elementor-section elementor-top-section elementor-element elementor-element-35df917 elementor-section-full_width elementor-section-height-default elementor-section-height-default\" data-id=\"35df917\" data-element_type=\"section\" data-e-type=\"section\">\n\t\t\t\t\t\t<div class=\"elementor-container elementor-column-gap-default\">\n\t\t\t\t\t<div class=\"elementor-column elementor-col-50 elementor-top-column elementor-element elementor-element-0657aca\" data-id=\"0657aca\" data-element_type=\"column\" data-e-type=\"column\">\n\t\t\t<div class=\"elementor-widget-wrap elementor-element-populated\">\n\t\t\t\t\t\t<div class=\"elementor-element elementor-element-1e3a6c2 elementor-widget elementor-widget-heading\" data-id=\"1e3a6c2\" data-element_type=\"widget\" data-e-type=\"widget\" data-widget_type=\"heading.default\">\n\t\t\t\t<div class=\"elementor-widget-container\">\n\t\t\t\t\t<h1 class=\"elementor-heading-title elementor-size-default\">Clinics<\/h1>\t\t\t\t<\/div>\n\t\t\t\t<\/div>\n\t\t\t\t<div class=\"elementor-element elementor-element-3b98442 elementor-widget elementor-widget-heading\" data-id=\"3b98442\" data-element_type=\"widget\" data-e-type=\"widget\" data-widget_type=\"heading.default\">\n\t\t\t\t<div class=\"elementor-widget-container\">\n\t\t\t\t\t<h2 class=\"elementor-heading-title elementor-size-default\">Madrid <\/h2>\t\t\t\t<\/div>\n\t\t\t\t<\/div>\n\t\t\t\t<div class=\"elementor-element elementor-element-6b938a4 elementor-widget elementor-widget-text-editor\" data-id=\"6b938a4\" data-element_type=\"widget\" data-e-type=\"widget\" data-widget_type=\"text-editor.default\">\n\t\t\t\t<div class=\"elementor-widget-container\">\n\t\t\t\t\t\t\t\t\t<p><a href=\"https:\/\/maps.app.goo.gl\/8Go4ikr63aaNGSo27\"><span class=\"elementor-icon-list-text\">Madrid: Calle Arturo Soria 336, 28033<\/span><\/a><br \/>Phone: 914 336 223\u00a0<\/p>\t\t\t\t\t\t\t\t<\/div>\n\t\t\t\t<\/div>\n\t\t\t\t<div class=\"elementor-element elementor-element-00d90b0 elementor-widget elementor-widget-heading\" data-id=\"00d90b0\" data-element_type=\"widget\" data-e-type=\"widget\" data-widget_type=\"heading.default\">\n\t\t\t\t<div class=\"elementor-widget-container\">\n\t\t\t\t\t<h2 class=\"elementor-heading-title elementor-size-default\">Legan\u00e9s<\/h2>\t\t\t\t<\/div>\n\t\t\t\t<\/div>\n\t\t\t\t<div class=\"elementor-element elementor-element-54435ed elementor-widget elementor-widget-text-editor\" data-id=\"54435ed\" data-element_type=\"widget\" data-e-type=\"widget\" data-widget_type=\"text-editor.default\">\n\t\t\t\t<div class=\"elementor-widget-container\">\n\t\t\t\t\t\t\t\t\t<p><a style=\"color: #00473a;\" href=\"https:\/\/www.google.es\/maps\/place\/Cl%C3%ADnica+Dr.+Jorge+Escobar\/@40.3349332,-3.753595,17z\/data=!3m1!4b1!4m5!3m4!1s0xd4189810ef237d5:0x94f5db82fa491c74!8m2!3d40.3349291!4d-3.7514063?shorturl=1\" target=\"_blank\" rel=\"noopener\">Av. Rey Juan Carlos I, 33 28915<\/a><br \/>Phone: +34 918 268 888<\/p>\t\t\t\t\t\t\t\t<\/div>\n\t\t\t\t<\/div>\n\t\t\t\t<div class=\"elementor-element elementor-element-2cd60d0 elementor-widget elementor-widget-heading\" data-id=\"2cd60d0\" data-element_type=\"widget\" data-e-type=\"widget\" data-widget_type=\"heading.default\">\n\t\t\t\t<div class=\"elementor-widget-container\">\n\t\t\t\t\t<h2 class=\"elementor-heading-title elementor-size-default\">Alcal\u00e1 de Henares<\/h2>\t\t\t\t<\/div>\n\t\t\t\t<\/div>\n\t\t\t\t<div class=\"elementor-element elementor-element-3604cc1 elementor-widget elementor-widget-text-editor\" data-id=\"3604cc1\" data-element_type=\"widget\" data-e-type=\"widget\" data-widget_type=\"text-editor.default\">\n\t\t\t\t<div class=\"elementor-widget-container\">\n\t\t\t\t\t\t\t\t\t<p><a style=\"color: #00473a;\" href=\"https:\/\/www.google.es\/maps\/place\/Cl%C3%ADnica+Dr.+Jorge+Escobar\/@40.4872056,-3.3620164,17z\/data=!3m1!4b1!4m5!3m4!1s0xd4249bc834630c1:0x396a4087591ccb8!8m2!3d40.4872015!4d-3.3598277?shorturl=1\" target=\"_blank\" rel=\"noopener\">V\u00eda Complutense, 57, 28805<\/a><br \/>Phone: +34 919 903 717<br \/>911 981 910<\/p>\t\t\t\t\t\t\t\t<\/div>\n\t\t\t\t<\/div>\n\t\t\t\t\t<\/div>\n\t\t<\/div>\n\t\t\t\t<div class=\"elementor-column elementor-col-50 elementor-top-column elementor-element elementor-element-780aa92\" data-id=\"780aa92\" data-element_type=\"column\" data-e-type=\"column\">\n\t\t\t<div class=\"elementor-widget-wrap elementor-element-populated\">\n\t\t\t\t\t\t<div class=\"elementor-element elementor-element-005cc70 elementor-widget elementor-widget-google_maps\" data-id=\"005cc70\" data-element_type=\"widget\" data-e-type=\"widget\" data-widget_type=\"google_maps.default\">\n\t\t\t\t<div class=\"elementor-widget-container\">\n\t\t\t\t\t\t\t<div class=\"elementor-custom-embed\">\n\t\t\t<iframe loading=\"lazy\"\n\t\t\t\t\tsrc=\"https:\/\/maps.google.com\/maps?q=Calle%20Arturo%20Soria%20336%20&#038;t=m&#038;z=17&#038;output=embed&#038;iwloc=near\"\n\t\t\t\t\ttitle=\"Calle Arturo Soria 336 \"\n\t\t\t\t\taria-label=\"Calle Arturo Soria 336 \"\n\t\t\t><\/iframe>\n\t\t<\/div>\n\t\t\t\t\t\t<\/div>\n\t\t\t\t<\/div>\n\t\t\t\t\t<\/div>\n\t\t<\/div>\n\t\t\t\t\t<\/div>\n\t\t<\/section>\n\t\t\t\t<section class=\"elementor-section elementor-top-section elementor-element elementor-element-3061734 elementor-section-boxed elementor-section-height-default elementor-section-height-default\" data-id=\"3061734\" data-element_type=\"section\" data-e-type=\"section\" data-settings=\"{&quot;background_background&quot;:&quot;classic&quot;}\">\n\t\t\t\t\t\t<div class=\"elementor-container elementor-column-gap-default\">\n\t\t\t\t\t<div class=\"elementor-column elementor-col-50 elementor-top-column elementor-element elementor-element-3c64fa9\" data-id=\"3c64fa9\" data-element_type=\"column\" data-e-type=\"column\">\n\t\t\t<div class=\"elementor-widget-wrap elementor-element-populated\">\n\t\t\t\t\t\t<div class=\"elementor-element elementor-element-5f82e6a elementor-widget__width-initial elementor-widget elementor-widget-heading\" data-id=\"5f82e6a\" data-element_type=\"widget\" data-e-type=\"widget\" data-widget_type=\"heading.default\">\n\t\t\t\t<div class=\"elementor-widget-container\">\n\t\t\t\t\t<h2 class=\"elementor-heading-title elementor-size-default\">Book your appointment at our Meridian Biohealth Clinics\n<\/h2>\t\t\t\t<\/div>\n\t\t\t\t<\/div>\n\t\t\t\t<div class=\"elementor-element elementor-element-3eb0beb elementor-align-left elementor-widget elementor-widget-button\" data-id=\"3eb0beb\" data-element_type=\"widget\" data-e-type=\"widget\" data-widget_type=\"button.default\">\n\t\t\t\t<div class=\"elementor-widget-container\">\n\t\t\t\t\t\t\t\t\t<div class=\"elementor-button-wrapper\">\n\t\t\t\t\t<a class=\"elementor-button elementor-button-link elementor-size-sm\" href=\"#\">\n\t\t\t\t\t\t<span class=\"elementor-button-content-wrapper\">\n\t\t\t\t\t\t<span class=\"elementor-button-icon\">\n\t\t\t\t<i aria-hidden=\"true\" class=\"fas fa-angle-right\"><\/i>\t\t\t<\/span>\n\t\t\t\t\t\t\t\t\t<span class=\"elementor-button-text\">Book appointment<\/span>\n\t\t\t\t\t<\/span>\n\t\t\t\t\t<\/a>\n\t\t\t\t<\/div>\n\t\t\t\t\t\t\t\t<\/div>\n\t\t\t\t<\/div>\n\t\t\t\t\t<\/div>\n\t\t<\/div>\n\t\t\t\t<div class=\"elementor-column elementor-col-50 elementor-top-column elementor-element elementor-element-a1fb278\" data-id=\"a1fb278\" data-element_type=\"column\" data-e-type=\"column\">\n\t\t\t<div class=\"elementor-widget-wrap\">\n\t\t\t\t\t\t\t<\/div>\n\t\t<\/div>\n\t\t\t\t\t<\/div>\n\t\t<\/section>\n\t\t\t\t<\/div>\n\t\t","protected":false},"excerpt":{"rendered":"<p>Clinics Madrid Madrid: Calle Arturo Soria 336, 28033Phone: 914 336 223\u00a0 Legan\u00e9s Av. Rey Juan Carlos I, 33 28915Phone: +34 918 268 888 Alcal\u00e1 de Henares V\u00eda Complutense, 57, 28805Phone: +34 919 903 717911 981 910 Book your appointment at our Meridian Biohealth Clinics Book appointment<\/p>\n","protected":false},"author":1,"featured_media":0,"parent":0,"menu_order":0,"comment_status":"closed","ping_status":"closed","template":"","meta":{"footnotes":""},"class_list":["post-10091","page","type-page","status-publish","hentry"],"yoast_head":"<!-- This site is optimized with the Yoast SEO plugin v27.4 - https:\/\/yoast.com\/product\/yoast-seo-wordpress\/ -->\n<title>Contact Us - Merdian Biohealth<\/title>\n<meta name=\"robots\" content=\"index, follow, max-snippet:-1, max-image-preview:large, max-video-preview:-1\" \/>\n<link rel=\"canonical\" href=\"https:\/\/meridianbiohealth.com\/en\/contact-us\/\" \/>\n<meta property=\"og:locale\" content=\"en_US\" \/>\n<meta property=\"og:type\" content=\"article\" \/>\n<meta property=\"og:title\" content=\"Contact Us - Merdian Biohealth\" \/>\n<meta property=\"og:description\" content=\"Clinics Madrid Madrid: Calle Arturo Soria 336, 28033Phone: 914 336 223\u00a0 Legan\u00e9s Av. Rey Juan Carlos I, 33 28915Phone: +34 918 268 888 Alcal\u00e1 de Henares V\u00eda Complutense, 57, 28805Phone: +34 919 903 717911 981 910 Book your appointment at our Meridian Biohealth Clinics Book appointment\" \/>\n<meta property=\"og:url\" content=\"https:\/\/meridianbiohealth.com\/en\/contact-us\/\" \/>\n<meta property=\"og:site_name\" content=\"Merdian Biohealth\" \/>\n<meta property=\"article:modified_time\" content=\"2025-10-22T11:09:27+00:00\" \/>\n<meta name=\"twitter:card\" content=\"summary_large_image\" \/>\n<meta name=\"twitter:label1\" content=\"Est. reading time\" \/>\n\t<meta name=\"twitter:data1\" content=\"1 minute\" \/>\n<script type=\"application\/ld+json\" class=\"yoast-schema-graph\">{\"@context\":\"https:\\\/\\\/schema.org\",\"@graph\":[{\"@type\":\"WebPage\",\"@id\":\"https:\\\/\\\/meridianbiohealth.com\\\/en\\\/contact-us\\\/\",\"url\":\"https:\\\/\\\/meridianbiohealth.com\\\/en\\\/contact-us\\\/\",\"name\":\"Contact Us - Merdian Biohealth\",\"isPartOf\":{\"@id\":\"https:\\\/\\\/meridianbiohealth.com\\\/en\\\/#website\"},\"datePublished\":\"2019-08-13T14:24:28+00:00\",\"dateModified\":\"2025-10-22T11:09:27+00:00\",\"breadcrumb\":{\"@id\":\"https:\\\/\\\/meridianbiohealth.com\\\/en\\\/contact-us\\\/#breadcrumb\"},\"inLanguage\":\"en-US\",\"potentialAction\":[{\"@type\":\"ReadAction\",\"target\":[\"https:\\\/\\\/meridianbiohealth.com\\\/en\\\/contact-us\\\/\"]}]},{\"@type\":\"BreadcrumbList\",\"@id\":\"https:\\\/\\\/meridianbiohealth.com\\\/en\\\/contact-us\\\/#breadcrumb\",\"itemListElement\":[{\"@type\":\"ListItem\",\"position\":1,\"name\":\"Portada\",\"item\":\"https:\\\/\\\/meridianbiohealth.com\\\/en\\\/\"},{\"@type\":\"ListItem\",\"position\":2,\"name\":\"Contact Us\"}]},{\"@type\":\"WebSite\",\"@id\":\"https:\\\/\\\/meridianbiohealth.com\\\/en\\\/#website\",\"url\":\"https:\\\/\\\/meridianbiohealth.com\\\/en\\\/\",\"name\":\"Merdian Biohealth\",\"description\":\"Implantolog\u00eda &amp; Est\u00e9tica Avanzada\",\"potentialAction\":[{\"@type\":\"SearchAction\",\"target\":{\"@type\":\"EntryPoint\",\"urlTemplate\":\"https:\\\/\\\/meridianbiohealth.com\\\/en\\\/?s={search_term_string}\"},\"query-input\":{\"@type\":\"PropertyValueSpecification\",\"valueRequired\":true,\"valueName\":\"search_term_string\"}}],\"inLanguage\":\"en-US\"}]}<\/script>\n<!-- \/ Yoast SEO plugin. -->","yoast_head_json":{"title":"Contact Us - Merdian Biohealth","robots":{"index":"index","follow":"follow","max-snippet":"max-snippet:-1","max-image-preview":"max-image-preview:large","max-video-preview":"max-video-preview:-1"},"canonical":"https:\/\/meridianbiohealth.com\/en\/contact-us\/","og_locale":"en_US","og_type":"article","og_title":"Contact Us - Merdian Biohealth","og_description":"Clinics Madrid Madrid: Calle Arturo Soria 336, 28033Phone: 914 336 223\u00a0 Legan\u00e9s Av. Rey Juan Carlos I, 33 28915Phone: +34 918 268 888 Alcal\u00e1 de Henares V\u00eda Complutense, 57, 28805Phone: +34 919 903 717911 981 910 Book your appointment at our Meridian Biohealth Clinics Book appointment","og_url":"https:\/\/meridianbiohealth.com\/en\/contact-us\/","og_site_name":"Merdian Biohealth","article_modified_time":"2025-10-22T11:09:27+00:00","twitter_card":"summary_large_image","twitter_misc":{"Est. reading time":"1 minute"},"schema":{"@context":"https:\/\/schema.org","@graph":[{"@type":"WebPage","@id":"https:\/\/meridianbiohealth.com\/en\/contact-us\/","url":"https:\/\/meridianbiohealth.com\/en\/contact-us\/","name":"Contact Us - Merdian Biohealth","isPartOf":{"@id":"https:\/\/meridianbiohealth.com\/en\/#website"},"datePublished":"2019-08-13T14:24:28+00:00","dateModified":"2025-10-22T11:09:27+00:00","breadcrumb":{"@id":"https:\/\/meridianbiohealth.com\/en\/contact-us\/#breadcrumb"},"inLanguage":"en-US","potentialAction":[{"@type":"ReadAction","target":["https:\/\/meridianbiohealth.com\/en\/contact-us\/"]}]},{"@type":"BreadcrumbList","@id":"https:\/\/meridianbiohealth.com\/en\/contact-us\/#breadcrumb","itemListElement":[{"@type":"ListItem","position":1,"name":"Portada","item":"https:\/\/meridianbiohealth.com\/en\/"},{"@type":"ListItem","position":2,"name":"Contact Us"}]},{"@type":"WebSite","@id":"https:\/\/meridianbiohealth.com\/en\/#website","url":"https:\/\/meridianbiohealth.com\/en\/","name":"Merdian Biohealth","description":"Implantolog\u00eda &amp; Est\u00e9tica Avanzada","potentialAction":[{"@type":"SearchAction","target":{"@type":"EntryPoint","urlTemplate":"https:\/\/meridianbiohealth.com\/en\/?s={search_term_string}"},"query-input":{"@type":"PropertyValueSpecification","valueRequired":true,"valueName":"search_term_string"}}],"inLanguage":"en-US"}]}},"_links":{"self":[{"href":"https:\/\/meridianbiohealth.com\/en\/wp-json\/wp\/v2\/pages\/10091","targetHints":{"allow":["GET"]}}],"collection":[{"href":"https:\/\/meridianbiohealth.com\/en\/wp-json\/wp\/v2\/pages"}],"about":[{"href":"https:\/\/meridianbiohealth.com\/en\/wp-json\/wp\/v2\/types\/page"}],"author":[{"embeddable":true,"href":"https:\/\/meridianbiohealth.com\/en\/wp-json\/wp\/v2\/users\/1"}],"replies":[{"embeddable":true,"href":"https:\/\/meridianbiohealth.com\/en\/wp-json\/wp\/v2\/comments?post=10091"}],"version-history":[{"count":8,"href":"https:\/\/meridianbiohealth.com\/en\/wp-json\/wp\/v2\/pages\/10091\/revisions"}],"predecessor-version":[{"id":10430,"href":"https:\/\/meridianbiohealth.com\/en\/wp-json\/wp\/v2\/pages\/10091\/revisions\/10430"}],"wp:attachment":[{"href":"https:\/\/meridianbiohealth.com\/en\/wp-json\/wp\/v2\/media?parent=10091"}],"curies":[{"name":"wp","href":"https:\/\/api.w.org\/{rel}","templated":true}]}}