{"id":10102,"date":"2025-02-11T07:40:52","date_gmt":"2025-02-11T07:40:52","guid":{"rendered":"https:\/\/meridianbiohealth.com\/gracias\/"},"modified":"2025-10-20T09:25:20","modified_gmt":"2025-10-20T09:25:20","slug":"gracias","status":"publish","type":"page","link":"https:\/\/meridianbiohealth.com\/en\/gracias\/","title":{"rendered":"Gracias"},"content":{"rendered":"\t\t<div data-elementor-type=\"wp-page\" data-elementor-id=\"10102\" class=\"elementor elementor-10102 elementor-9287\" data-elementor-post-type=\"page\">\n\t\t\t\t\t\t<section class=\"elementor-section elementor-top-section elementor-element elementor-element-62bc455 elementor-section-boxed elementor-section-height-default elementor-section-height-default\" data-id=\"62bc455\" data-element_type=\"section\">\n\t\t\t\t\t\t<div class=\"elementor-container elementor-column-gap-default\">\n\t\t\t\t\t<div class=\"elementor-column elementor-col-100 elementor-top-column elementor-element elementor-element-5d7db49\" data-id=\"5d7db49\" data-element_type=\"column\">\n\t\t\t<div class=\"elementor-widget-wrap elementor-element-populated\">\n\t\t\t\t\t\t<div class=\"elementor-element elementor-element-744be69 elementor-widget elementor-widget-text-editor\" data-id=\"744be69\" data-element_type=\"widget\" data-widget_type=\"text-editor.default\">\n\t\t\t\t<div class=\"elementor-widget-container\">\n\t\t\t\t\t\t\t\t\t<p>Hola  ,<br \/><strong>\u00a1Gracias por escribirnos!<\/strong> Hemos recibido tu mensaje y queremos que sepas que nuestro equipo ya est\u00e1 al tanto de tu consulta.<\/p><p>Te llamaremos lo m\u00e1s pronto posible para ayudarte y resolver cualquier duda que tengas. Si prefieres escribirnos algo m\u00e1s mientras tanto, no dudes en responder a este correo.<br \/>Tambi\u00e9n puedes llamarnos directamente al <strong>n\u00famero 618 852 923<\/strong>.<\/p><p>Estamos aqu\u00ed para lo que necesites. <strong>\u00a1Hablamos pronto!<\/strong>.<br \/>Un abrazo.<\/p>\t\t\t\t\t\t\t\t<\/div>\n\t\t\t\t<\/div>\n\t\t\t\t\t<\/div>\n\t\t<\/div>\n\t\t\t\t\t<\/div>\n\t\t<\/section>\n\t\t\t\t<\/div>\n\t\t","protected":false},"excerpt":{"rendered":"<p>Hola ,\u00a1Gracias por escribirnos! Hemos recibido tu mensaje y queremos que sepas que nuestro equipo ya est\u00e1 al tanto de tu consulta. Te llamaremos lo m\u00e1s pronto posible para ayudarte y resolver cualquier duda que tengas. Si prefieres escribirnos algo m\u00e1s mientras tanto, no dudes en responder a este correo.Tambi\u00e9n puedes llamarnos directamente al n\u00famero [&hellip;]<\/p>\n","protected":false},"author":1,"featured_media":0,"parent":0,"menu_order":0,"comment_status":"closed","ping_status":"closed","template":"","meta":{"footnotes":""},"class_list":["post-10102","page","type-page","status-publish","hentry"],"yoast_head":"<!-- This site is optimized with the Yoast SEO plugin v24.4 - https:\/\/yoast.com\/wordpress\/plugins\/seo\/ -->\n<title>Gracias - Merdian Biohealth<\/title>\n<meta name=\"robots\" content=\"index, follow, max-snippet:-1, max-image-preview:large, max-video-preview:-1\" \/>\n<link rel=\"canonical\" href=\"https:\/\/meridianbiohealth.com\/en\/gracias\/\" \/>\n<meta property=\"og:locale\" content=\"en_US\" \/>\n<meta property=\"og:type\" content=\"article\" \/>\n<meta property=\"og:title\" content=\"Gracias - Merdian Biohealth\" \/>\n<meta property=\"og:description\" content=\"Hola ,\u00a1Gracias por escribirnos! Hemos recibido tu mensaje y queremos que sepas que nuestro equipo ya est\u00e1 al tanto de tu consulta. Te llamaremos lo m\u00e1s pronto posible para ayudarte y resolver cualquier duda que tengas. Si prefieres escribirnos algo m\u00e1s mientras tanto, no dudes en responder a este correo.Tambi\u00e9n puedes llamarnos directamente al n\u00famero [&hellip;]\" \/>\n<meta property=\"og:url\" content=\"https:\/\/meridianbiohealth.com\/en\/gracias\/\" \/>\n<meta property=\"og:site_name\" content=\"Merdian Biohealth\" \/>\n<meta property=\"article:modified_time\" content=\"2025-10-20T09:25:20+00:00\" \/>\n<meta name=\"twitter:card\" content=\"summary_large_image\" \/>\n<meta name=\"twitter:label1\" content=\"Est. reading time\" \/>\n\t<meta name=\"twitter:data1\" content=\"1 minute\" \/>\n<script type=\"application\/ld+json\" class=\"yoast-schema-graph\">{\"@context\":\"https:\/\/schema.org\",\"@graph\":[{\"@type\":\"WebPage\",\"@id\":\"https:\/\/meridianbiohealth.com\/en\/gracias\/\",\"url\":\"https:\/\/meridianbiohealth.com\/en\/gracias\/\",\"name\":\"Gracias - Merdian Biohealth\",\"isPartOf\":{\"@id\":\"https:\/\/meridianbiohealth.com\/en\/#website\"},\"datePublished\":\"2025-02-11T07:40:52+00:00\",\"dateModified\":\"2025-10-20T09:25:20+00:00\",\"breadcrumb\":{\"@id\":\"https:\/\/meridianbiohealth.com\/en\/gracias\/#breadcrumb\"},\"inLanguage\":\"en-US\",\"potentialAction\":[{\"@type\":\"ReadAction\",\"target\":[\"https:\/\/meridianbiohealth.com\/en\/gracias\/\"]}]},{\"@type\":\"BreadcrumbList\",\"@id\":\"https:\/\/meridianbiohealth.com\/en\/gracias\/#breadcrumb\",\"itemListElement\":[{\"@type\":\"ListItem\",\"position\":1,\"name\":\"Portada\",\"item\":\"https:\/\/meridianbiohealth.com\/en\/\"},{\"@type\":\"ListItem\",\"position\":2,\"name\":\"Gracias\"}]},{\"@type\":\"WebSite\",\"@id\":\"https:\/\/meridianbiohealth.com\/en\/#website\",\"url\":\"https:\/\/meridianbiohealth.com\/en\/\",\"name\":\"Merdian Biohealth\",\"description\":\"Implantolog\u00eda &amp; Est\u00e9tica Avanzada\",\"potentialAction\":[{\"@type\":\"SearchAction\",\"target\":{\"@type\":\"EntryPoint\",\"urlTemplate\":\"https:\/\/meridianbiohealth.com\/en\/?s={search_term_string}\"},\"query-input\":{\"@type\":\"PropertyValueSpecification\",\"valueRequired\":true,\"valueName\":\"search_term_string\"}}],\"inLanguage\":\"en-US\"}]}<\/script>\n<!-- \/ Yoast SEO plugin. -->","yoast_head_json":{"title":"Gracias - Merdian Biohealth","robots":{"index":"index","follow":"follow","max-snippet":"max-snippet:-1","max-image-preview":"max-image-preview:large","max-video-preview":"max-video-preview:-1"},"canonical":"https:\/\/meridianbiohealth.com\/en\/gracias\/","og_locale":"en_US","og_type":"article","og_title":"Gracias - Merdian Biohealth","og_description":"Hola ,\u00a1Gracias por escribirnos! Hemos recibido tu mensaje y queremos que sepas que nuestro equipo ya est\u00e1 al tanto de tu consulta. Te llamaremos lo m\u00e1s pronto posible para ayudarte y resolver cualquier duda que tengas. Si prefieres escribirnos algo m\u00e1s mientras tanto, no dudes en responder a este correo.Tambi\u00e9n puedes llamarnos directamente al n\u00famero [&hellip;]","og_url":"https:\/\/meridianbiohealth.com\/en\/gracias\/","og_site_name":"Merdian Biohealth","article_modified_time":"2025-10-20T09:25:20+00:00","twitter_card":"summary_large_image","twitter_misc":{"Est. reading time":"1 minute"},"schema":{"@context":"https:\/\/schema.org","@graph":[{"@type":"WebPage","@id":"https:\/\/meridianbiohealth.com\/en\/gracias\/","url":"https:\/\/meridianbiohealth.com\/en\/gracias\/","name":"Gracias - Merdian Biohealth","isPartOf":{"@id":"https:\/\/meridianbiohealth.com\/en\/#website"},"datePublished":"2025-02-11T07:40:52+00:00","dateModified":"2025-10-20T09:25:20+00:00","breadcrumb":{"@id":"https:\/\/meridianbiohealth.com\/en\/gracias\/#breadcrumb"},"inLanguage":"en-US","potentialAction":[{"@type":"ReadAction","target":["https:\/\/meridianbiohealth.com\/en\/gracias\/"]}]},{"@type":"BreadcrumbList","@id":"https:\/\/meridianbiohealth.com\/en\/gracias\/#breadcrumb","itemListElement":[{"@type":"ListItem","position":1,"name":"Portada","item":"https:\/\/meridianbiohealth.com\/en\/"},{"@type":"ListItem","position":2,"name":"Gracias"}]},{"@type":"WebSite","@id":"https:\/\/meridianbiohealth.com\/en\/#website","url":"https:\/\/meridianbiohealth.com\/en\/","name":"Merdian Biohealth","description":"Implantolog\u00eda &amp; Est\u00e9tica Avanzada","potentialAction":[{"@type":"SearchAction","target":{"@type":"EntryPoint","urlTemplate":"https:\/\/meridianbiohealth.com\/en\/?s={search_term_string}"},"query-input":{"@type":"PropertyValueSpecification","valueRequired":true,"valueName":"search_term_string"}}],"inLanguage":"en-US"}]}},"_links":{"self":[{"href":"https:\/\/meridianbiohealth.com\/en\/wp-json\/wp\/v2\/pages\/10102","targetHints":{"allow":["GET"]}}],"collection":[{"href":"https:\/\/meridianbiohealth.com\/en\/wp-json\/wp\/v2\/pages"}],"about":[{"href":"https:\/\/meridianbiohealth.com\/en\/wp-json\/wp\/v2\/types\/page"}],"author":[{"embeddable":true,"href":"https:\/\/meridianbiohealth.com\/en\/wp-json\/wp\/v2\/users\/1"}],"replies":[{"embeddable":true,"href":"https:\/\/meridianbiohealth.com\/en\/wp-json\/wp\/v2\/comments?post=10102"}],"version-history":[{"count":1,"href":"https:\/\/meridianbiohealth.com\/en\/wp-json\/wp\/v2\/pages\/10102\/revisions"}],"predecessor-version":[{"id":10224,"href":"https:\/\/meridianbiohealth.com\/en\/wp-json\/wp\/v2\/pages\/10102\/revisions\/10224"}],"wp:attachment":[{"href":"https:\/\/meridianbiohealth.com\/en\/wp-json\/wp\/v2\/media?parent=10102"}],"curies":[{"name":"wp","href":"https:\/\/api.w.org\/{rel}","templated":true}]}}