{"id":10125,"date":"2024-12-26T11:48:20","date_gmt":"2024-12-26T11:48:20","guid":{"rendered":"https:\/\/meridianbiohealth.com\/pide-tu-cita\/"},"modified":"2025-10-27T12:54:24","modified_gmt":"2025-10-27T12:54:24","slug":"book-your-appointment","status":"publish","type":"page","link":"https:\/\/meridianbiohealth.com\/en\/book-your-appointment\/","title":{"rendered":"Book Your Appointment"},"content":{"rendered":"\t\t<div data-elementor-type=\"wp-page\" data-elementor-id=\"10125\" class=\"elementor elementor-10125 elementor-8586\" data-elementor-post-type=\"page\">\n\t\t\t\t\t\t<section class=\"elementor-section elementor-top-section elementor-element elementor-element-d9772ad elementor-section-full_width elementor-section-height-default elementor-section-height-default\" data-id=\"d9772ad\" data-element_type=\"section\" data-e-type=\"section\" data-settings=\"{&quot;background_background&quot;:&quot;classic&quot;}\">\n\t\t\t\t\t\t<div class=\"elementor-container elementor-column-gap-default\">\n\t\t\t\t\t<div class=\"elementor-column elementor-col-50 elementor-top-column elementor-element elementor-element-af71d7f\" data-id=\"af71d7f\" data-element_type=\"column\" data-e-type=\"column\">\n\t\t\t<div class=\"elementor-widget-wrap elementor-element-populated\">\n\t\t\t\t\t\t<div class=\"elementor-element elementor-element-6ca6463 elementor-widget elementor-widget-heading\" data-id=\"6ca6463\" data-element_type=\"widget\" data-e-type=\"widget\" data-widget_type=\"heading.default\">\n\t\t\t\t<div class=\"elementor-widget-container\">\n\t\t\t\t\t<h1 class=\"elementor-heading-title elementor-size-default\">Book Your Appointment\n<\/h1>\t\t\t\t<\/div>\n\t\t\t\t<\/div>\n\t\t\t\t<div class=\"elementor-element elementor-element-0da2b2c elementor-widget elementor-widget-shortcode\" data-id=\"0da2b2c\" data-element_type=\"widget\" data-e-type=\"widget\" id=\"pidetucita\" data-widget_type=\"shortcode.default\">\n\t\t\t\t<div class=\"elementor-widget-container\">\n\t\t\t\t\t\t\t<div class=\"elementor-shortcode\">\n<div class=\"wpcf7 no-js\" id=\"wpcf7-f10487-o1\" lang=\"es-ES\" dir=\"ltr\" data-wpcf7-id=\"10487\">\n<div class=\"screen-reader-response\"><p role=\"status\" aria-live=\"polite\" aria-atomic=\"true\"><\/p> <ul><\/ul><\/div>\n<form action=\"\/en\/wp-json\/wp\/v2\/pages\/10125#wpcf7-f10487-o1\" method=\"post\" class=\"wpcf7-form init\" aria-label=\"Formulario de contacto\" novalidate=\"novalidate\" data-status=\"init\">\n<div style=\"display: none;\">\n<input type=\"hidden\" name=\"_wpcf7\" value=\"10487\" \/>\n<input type=\"hidden\" name=\"_wpcf7_version\" value=\"6.0.6\" \/>\n<input type=\"hidden\" name=\"_wpcf7_locale\" value=\"es_ES\" \/>\n<input type=\"hidden\" name=\"_wpcf7_unit_tag\" value=\"wpcf7-f10487-o1\" \/>\n<input type=\"hidden\" name=\"_wpcf7_container_post\" value=\"0\" \/>\n<input type=\"hidden\" name=\"_wpcf7_posted_data_hash\" value=\"\" \/>\n<\/div>\n<p><label> Name *<br \/>\n<span class=\"wpcf7-form-control-wrap\" data-name=\"your-name\"><input size=\"40\" maxlength=\"400\" class=\"wpcf7-form-control wpcf7-text wpcf7-validates-as-required\" autocomplete=\"name\" aria-required=\"true\" aria-invalid=\"false\" placeholder=\"Your name\" value=\"\" type=\"text\" name=\"your-name\" \/><\/span> <\/label>\n<\/p>\n<p><label> Email *<br \/>\n<span class=\"wpcf7-form-control-wrap\" data-name=\"your-email\"><input size=\"40\" maxlength=\"400\" class=\"wpcf7-form-control wpcf7-email wpcf7-validates-as-required wpcf7-text wpcf7-validates-as-email\" autocomplete=\"email\" aria-required=\"true\" aria-invalid=\"false\" placeholder=\"name@email.com\" value=\"\" type=\"email\" name=\"your-email\" \/><\/span> <\/label>\n<\/p>\n<p><label> Phone *<br \/>\n<span class=\"wpcf7-form-control-wrap\" data-name=\"tel-156\"><input size=\"40\" maxlength=\"400\" class=\"wpcf7-form-control wpcf7-tel wpcf7-validates-as-required wpcf7-text wpcf7-validates-as-tel\" aria-required=\"true\" aria-invalid=\"false\" placeholder=\"0000 00 00\" value=\"\" type=\"tel\" name=\"tel-156\" \/><\/span><\/label>\n<\/p>\n<p><label> Treatment<br \/>\n<span class=\"wpcf7-form-control-wrap\" data-name=\"tratamiento\"><input size=\"40\" maxlength=\"400\" class=\"wpcf7-form-control wpcf7-text\" aria-invalid=\"false\" placeholder=\"Treatment\" value=\"\" type=\"text\" name=\"tratamiento\" \/><\/span><\/label>\n<\/p>\n<p><label> Message<br \/>\n<span class=\"wpcf7-form-control-wrap\" data-name=\"your-message\"><textarea cols=\"40\" rows=\"10\" maxlength=\"2000\" class=\"wpcf7-form-control wpcf7-textarea\" aria-invalid=\"false\" placeholder=\"Your message\" name=\"your-message\"><\/textarea><\/span> <\/label>\n<\/p>\n<p><label><span class=\"wpcf7-form-control-wrap\" data-name=\"acceptance-22\"><span class=\"wpcf7-form-control wpcf7-acceptance\"><span class=\"wpcf7-list-item\"><label><input type=\"checkbox\" name=\"acceptance-22\" value=\"1\" aria-invalid=\"false\" \/><span class=\"wpcf7-list-item-label\">I have read and agree to the <a style=\"color: #fff;\" href=\"\/politica-de-privacidad\/\">privacy policy<\/a><\/span><\/label><\/span><\/span><\/span> <\/label>\n<\/p>\n<p><input class=\"wpcf7-form-control wpcf7-submit has-spinner\" type=\"submit\" value=\"Send &gt;\" \/>\n<\/p><div class=\"wpcf7-response-output\" aria-hidden=\"true\"><\/div>\n<\/form>\n<\/div>\n<\/div>\n\t\t\t\t\t\t<\/div>\n\t\t\t\t<\/div>\n\t\t\t\t\t<\/div>\n\t\t<\/div>\n\t\t\t\t<div class=\"elementor-column elementor-col-50 elementor-top-column elementor-element elementor-element-6ecb809\" data-id=\"6ecb809\" data-element_type=\"column\" data-e-type=\"column\" data-settings=\"{&quot;background_background&quot;:&quot;classic&quot;}\">\n\t\t\t<div class=\"elementor-widget-wrap elementor-element-populated\">\n\t\t\t\t\t\t<div class=\"elementor-element elementor-element-fee2bdc elementor-widget elementor-widget-spacer\" data-id=\"fee2bdc\" data-element_type=\"widget\" data-e-type=\"widget\" data-widget_type=\"spacer.default\">\n\t\t\t\t<div class=\"elementor-widget-container\">\n\t\t\t\t\t\t\t<div class=\"elementor-spacer\">\n\t\t\t<div class=\"elementor-spacer-inner\"><\/div>\n\t\t<\/div>\n\t\t\t\t\t\t<\/div>\n\t\t\t\t<\/div>\n\t\t\t\t\t<\/div>\n\t\t<\/div>\n\t\t\t\t\t<\/div>\n\t\t<\/section>\n\t\t\t\t<section class=\"elementor-section elementor-top-section elementor-element elementor-element-7096eaf elementor-section-boxed elementor-section-height-default elementor-section-height-default\" data-id=\"7096eaf\" data-element_type=\"section\" data-e-type=\"section\" data-settings=\"{&quot;background_background&quot;:&quot;classic&quot;}\">\n\t\t\t\t\t\t<div class=\"elementor-container elementor-column-gap-default\">\n\t\t\t\t\t<div class=\"elementor-column elementor-col-50 elementor-top-column elementor-element elementor-element-460756d\" data-id=\"460756d\" data-element_type=\"column\" data-e-type=\"column\">\n\t\t\t<div class=\"elementor-widget-wrap elementor-element-populated\">\n\t\t\t\t\t\t<div class=\"elementor-element elementor-element-5d39f2d elementor-widget__width-initial elementor-widget elementor-widget-heading\" data-id=\"5d39f2d\" data-element_type=\"widget\" data-e-type=\"widget\" data-widget_type=\"heading.default\">\n\t\t\t\t<div class=\"elementor-widget-container\">\n\t\t\t\t\t<h2 class=\"elementor-heading-title elementor-size-default\">Book your appointment at our Meridian Biohealth Clinics\n<\/h2>\t\t\t\t<\/div>\n\t\t\t\t<\/div>\n\t\t\t\t<div class=\"elementor-element elementor-element-d866e58 elementor-align-left elementor-widget elementor-widget-button\" data-id=\"d866e58\" data-element_type=\"widget\" data-e-type=\"widget\" data-widget_type=\"button.default\">\n\t\t\t\t<div class=\"elementor-widget-container\">\n\t\t\t\t\t\t\t\t\t<div class=\"elementor-button-wrapper\">\n\t\t\t\t\t<a class=\"elementor-button elementor-button-link elementor-size-sm\" href=\"\/pide-tu-cita\/\">\n\t\t\t\t\t\t<span class=\"elementor-button-content-wrapper\">\n\t\t\t\t\t\t<span class=\"elementor-button-icon\">\n\t\t\t\t<i aria-hidden=\"true\" class=\"fas fa-angle-right\"><\/i>\t\t\t<\/span>\n\t\t\t\t\t\t\t\t\t<span class=\"elementor-button-text\">Book appointment<\/span>\n\t\t\t\t\t<\/span>\n\t\t\t\t\t<\/a>\n\t\t\t\t<\/div>\n\t\t\t\t\t\t\t\t<\/div>\n\t\t\t\t<\/div>\n\t\t\t\t\t<\/div>\n\t\t<\/div>\n\t\t\t\t<div class=\"elementor-column elementor-col-50 elementor-top-column elementor-element elementor-element-e58ce2c\" data-id=\"e58ce2c\" data-element_type=\"column\" data-e-type=\"column\">\n\t\t\t<div class=\"elementor-widget-wrap\">\n\t\t\t\t\t\t\t<\/div>\n\t\t<\/div>\n\t\t\t\t\t<\/div>\n\t\t<\/section>\n\t\t\t\t<\/div>\n\t\t","protected":false},"excerpt":{"rendered":"<p>Book Your Appointment Book your appointment at our Meridian Biohealth Clinics Book appointment<\/p>\n","protected":false},"author":1,"featured_media":0,"parent":0,"menu_order":0,"comment_status":"closed","ping_status":"closed","template":"","meta":{"footnotes":""},"class_list":["post-10125","page","type-page","status-publish","hentry"],"yoast_head":"<!-- This site is optimized with the Yoast SEO plugin v27.4 - https:\/\/yoast.com\/product\/yoast-seo-wordpress\/ -->\n<title>Book Your Appointment - Meridian Biohealth<\/title>\n<meta name=\"description\" content=\"\u00bfTienes dudas o quieres saber m\u00e1s sobre la odontolog\u00eda biol\u00f3gica? Pide cita y nuestro equipo te orientar\u00e1 personalmente sobre tu caso.\ud83d\udcf2 Habla con nosotros ahora\" \/>\n<meta name=\"robots\" content=\"index, follow, max-snippet:-1, max-image-preview:large, max-video-preview:-1\" \/>\n<link rel=\"canonical\" href=\"https:\/\/meridianbiohealth.com\/en\/book-your-appointment\/\" \/>\n<meta property=\"og:locale\" content=\"en_US\" \/>\n<meta property=\"og:type\" content=\"article\" \/>\n<meta property=\"og:title\" content=\"Book Your Appointment - Meridian Biohealth\" \/>\n<meta property=\"og:description\" content=\"\u00bfTienes dudas o quieres saber m\u00e1s sobre la odontolog\u00eda biol\u00f3gica? Pide cita y nuestro equipo te orientar\u00e1 personalmente sobre tu caso.\ud83d\udcf2 Habla con nosotros ahora\" \/>\n<meta property=\"og:url\" content=\"https:\/\/meridianbiohealth.com\/en\/book-your-appointment\/\" \/>\n<meta property=\"og:site_name\" content=\"Merdian Biohealth\" \/>\n<meta property=\"article:modified_time\" content=\"2025-10-27T12:54:24+00:00\" \/>\n<meta name=\"twitter:card\" content=\"summary_large_image\" \/>\n<meta name=\"twitter:label1\" content=\"Est. reading time\" \/>\n\t<meta name=\"twitter:data1\" content=\"1 minute\" \/>\n<script type=\"application\/ld+json\" class=\"yoast-schema-graph\">{\"@context\":\"https:\\\/\\\/schema.org\",\"@graph\":[{\"@type\":\"WebPage\",\"@id\":\"https:\\\/\\\/meridianbiohealth.com\\\/en\\\/book-your-appointment\\\/\",\"url\":\"https:\\\/\\\/meridianbiohealth.com\\\/en\\\/book-your-appointment\\\/\",\"name\":\"Book Your Appointment - Meridian Biohealth\",\"isPartOf\":{\"@id\":\"https:\\\/\\\/meridianbiohealth.com\\\/en\\\/#website\"},\"datePublished\":\"2024-12-26T11:48:20+00:00\",\"dateModified\":\"2025-10-27T12:54:24+00:00\",\"description\":\"\u00bfTienes dudas o quieres saber m\u00e1s sobre la odontolog\u00eda biol\u00f3gica? Pide cita y nuestro equipo te orientar\u00e1 personalmente sobre tu caso.\ud83d\udcf2 Habla con nosotros ahora\",\"breadcrumb\":{\"@id\":\"https:\\\/\\\/meridianbiohealth.com\\\/en\\\/book-your-appointment\\\/#breadcrumb\"},\"inLanguage\":\"en-US\",\"potentialAction\":[{\"@type\":\"ReadAction\",\"target\":[\"https:\\\/\\\/meridianbiohealth.com\\\/en\\\/book-your-appointment\\\/\"]}]},{\"@type\":\"BreadcrumbList\",\"@id\":\"https:\\\/\\\/meridianbiohealth.com\\\/en\\\/book-your-appointment\\\/#breadcrumb\",\"itemListElement\":[{\"@type\":\"ListItem\",\"position\":1,\"name\":\"Portada\",\"item\":\"https:\\\/\\\/meridianbiohealth.com\\\/en\\\/\"},{\"@type\":\"ListItem\",\"position\":2,\"name\":\"Book Your Appointment\"}]},{\"@type\":\"WebSite\",\"@id\":\"https:\\\/\\\/meridianbiohealth.com\\\/en\\\/#website\",\"url\":\"https:\\\/\\\/meridianbiohealth.com\\\/en\\\/\",\"name\":\"Merdian Biohealth\",\"description\":\"Implantolog\u00eda &amp; Est\u00e9tica Avanzada\",\"potentialAction\":[{\"@type\":\"SearchAction\",\"target\":{\"@type\":\"EntryPoint\",\"urlTemplate\":\"https:\\\/\\\/meridianbiohealth.com\\\/en\\\/?s={search_term_string}\"},\"query-input\":{\"@type\":\"PropertyValueSpecification\",\"valueRequired\":true,\"valueName\":\"search_term_string\"}}],\"inLanguage\":\"en-US\"}]}<\/script>\n<!-- \/ Yoast SEO plugin. -->","yoast_head_json":{"title":"Book Your Appointment - Meridian Biohealth","description":"\u00bfTienes dudas o quieres saber m\u00e1s sobre la odontolog\u00eda biol\u00f3gica? Pide cita y nuestro equipo te orientar\u00e1 personalmente sobre tu caso.\ud83d\udcf2 Habla con nosotros ahora","robots":{"index":"index","follow":"follow","max-snippet":"max-snippet:-1","max-image-preview":"max-image-preview:large","max-video-preview":"max-video-preview:-1"},"canonical":"https:\/\/meridianbiohealth.com\/en\/book-your-appointment\/","og_locale":"en_US","og_type":"article","og_title":"Book Your Appointment - Meridian Biohealth","og_description":"\u00bfTienes dudas o quieres saber m\u00e1s sobre la odontolog\u00eda biol\u00f3gica? Pide cita y nuestro equipo te orientar\u00e1 personalmente sobre tu caso.\ud83d\udcf2 Habla con nosotros ahora","og_url":"https:\/\/meridianbiohealth.com\/en\/book-your-appointment\/","og_site_name":"Merdian Biohealth","article_modified_time":"2025-10-27T12:54:24+00:00","twitter_card":"summary_large_image","twitter_misc":{"Est. reading time":"1 minute"},"schema":{"@context":"https:\/\/schema.org","@graph":[{"@type":"WebPage","@id":"https:\/\/meridianbiohealth.com\/en\/book-your-appointment\/","url":"https:\/\/meridianbiohealth.com\/en\/book-your-appointment\/","name":"Book Your Appointment - Meridian Biohealth","isPartOf":{"@id":"https:\/\/meridianbiohealth.com\/en\/#website"},"datePublished":"2024-12-26T11:48:20+00:00","dateModified":"2025-10-27T12:54:24+00:00","description":"\u00bfTienes dudas o quieres saber m\u00e1s sobre la odontolog\u00eda biol\u00f3gica? Pide cita y nuestro equipo te orientar\u00e1 personalmente sobre tu caso.\ud83d\udcf2 Habla con nosotros ahora","breadcrumb":{"@id":"https:\/\/meridianbiohealth.com\/en\/book-your-appointment\/#breadcrumb"},"inLanguage":"en-US","potentialAction":[{"@type":"ReadAction","target":["https:\/\/meridianbiohealth.com\/en\/book-your-appointment\/"]}]},{"@type":"BreadcrumbList","@id":"https:\/\/meridianbiohealth.com\/en\/book-your-appointment\/#breadcrumb","itemListElement":[{"@type":"ListItem","position":1,"name":"Portada","item":"https:\/\/meridianbiohealth.com\/en\/"},{"@type":"ListItem","position":2,"name":"Book Your Appointment"}]},{"@type":"WebSite","@id":"https:\/\/meridianbiohealth.com\/en\/#website","url":"https:\/\/meridianbiohealth.com\/en\/","name":"Merdian Biohealth","description":"Implantolog\u00eda &amp; Est\u00e9tica Avanzada","potentialAction":[{"@type":"SearchAction","target":{"@type":"EntryPoint","urlTemplate":"https:\/\/meridianbiohealth.com\/en\/?s={search_term_string}"},"query-input":{"@type":"PropertyValueSpecification","valueRequired":true,"valueName":"search_term_string"}}],"inLanguage":"en-US"}]}},"_links":{"self":[{"href":"https:\/\/meridianbiohealth.com\/en\/wp-json\/wp\/v2\/pages\/10125","targetHints":{"allow":["GET"]}}],"collection":[{"href":"https:\/\/meridianbiohealth.com\/en\/wp-json\/wp\/v2\/pages"}],"about":[{"href":"https:\/\/meridianbiohealth.com\/en\/wp-json\/wp\/v2\/types\/page"}],"author":[{"embeddable":true,"href":"https:\/\/meridianbiohealth.com\/en\/wp-json\/wp\/v2\/users\/1"}],"replies":[{"embeddable":true,"href":"https:\/\/meridianbiohealth.com\/en\/wp-json\/wp\/v2\/comments?post=10125"}],"version-history":[{"count":11,"href":"https:\/\/meridianbiohealth.com\/en\/wp-json\/wp\/v2\/pages\/10125\/revisions"}],"predecessor-version":[{"id":10670,"href":"https:\/\/meridianbiohealth.com\/en\/wp-json\/wp\/v2\/pages\/10125\/revisions\/10670"}],"wp:attachment":[{"href":"https:\/\/meridianbiohealth.com\/en\/wp-json\/wp\/v2\/media?parent=10125"}],"curies":[{"name":"wp","href":"https:\/\/api.w.org\/{rel}","templated":true}]}}